{"id":986,"date":"2022-02-10T17:32:35","date_gmt":"2022-02-10T20:32:35","guid":{"rendered":"https:\/\/arkeyva.com\/how-it-works\/"},"modified":"2022-12-16T15:56:30","modified_gmt":"2022-12-16T18:56:30","slug":"how-it-works","status":"publish","type":"page","link":"https:\/\/arkeyva.com\/en\/how-it-works\/","title":{"rendered":"How it works"},"content":{"rendered":"\n<!-- TOPO DO SITE -->\n<div class=\"uk-section\">\n\t<div class=\"uk-container\">\n\t\t<div class=\"uk-grid uk-grid-large\" uk-grid=\"\">\n\t\t\t<div class=\"uk-width-1-3@l\">\n\t\t\t\t<div class=\"uk-card\">\n\t\t\t\t\t<span class=\"uk-badge\">HOW IT WORKS<\/span>\n\t\t\t\t\t<h1 class=\"uk-margin-remove-top uk-margin-xmedium-bottom\">Drag, Drop<br>and Publish!<\/h1>\n\t\t\t\t\t<p class=\"uk-width-3-4@l uk-margin-remove-top uk-margin-remove-bottom\">As simple as dragging and dropping, with Arkeyva you can develop the most varied types of solutions quickly and easily.<\/p>\n\t\t\t\t\t<p class=\"uk-width-3-4@l\">In just ten minutes it is possible to build, from scratch, a complete registration functionality.<\/p>\n\t\t\t\t\t<div class=\"uk-margin-xmedium-top\">\n\t\t\t\t\t\t<button title=\"Start free\" class=\"uk-button uk-button-default\" onclick=\"var params={url:'https:\/\/partner-public.arkeyva.com', headerbgcolor:'#1231a8', modalwidth:500}; new Arkeyva(params).abrirFormularioPublico('629a49ba2561b13a019d137c','62e7ec6301597601621b4536', 'xbNjFvkwQdgG3BcfF9W0AcWt','Start Free');\">Start free<\/button>\n\t\t\t\t\t<\/div>\n\t\t\t\t<\/div>\n\t\t\t<\/div>\n\t\t\t<div class=\"uk-width-2-3@l\">\n\t\t\t\t<div class=\"uk-card\">\n\t\t\t\t\t<iframe loading=\"lazy\" width=\"100%\" height=\"480\" src=\"https:\/\/www.youtube.com\/embed\/kfyOXJNTavw?controls=0\" title=\"YouTube video player\" frameborder=\"0\" allow=\"accelerometer; autoplay; clipboard-write; encrypted-media; gyroscope; picture-in-picture\" allowfullscreen=\"\"><\/iframe>\n\t\t\t\t<\/div>\n\t\t\t<\/div>\n\t\t<\/div>\n\t<\/div>\n<\/div>\n\n\n\n<!-- A Plataforma \u00e9 dividida em tr\u00eas pilares -->\n<div class=\"uk-section\">\n\t<div class=\"via-banner-home via-box-banner-default\">\n\t\t<div class=\"via-banner-home-imagem\" data-src=\"\/wp-content\/uploads\/2022\/02\/porque-contratar.png\" uk-img=\"\">\n\t\t\t<div class=\"uk-container\">\n\t\t\t\t<div class=\"uk-grid uk-child-width-1-2@l uk-grid-large\" uk-grid=\"\">\n\t\t\t\t\t<div class=\"uk-flex uk-flex-middle\">\n\t\t\t\t\t\t<div class=\"uk-card uk-width-3-4@l uk-align-center\">\n\t\t\t\t\t\t\t<span class=\"uk-badge\">Macro Vision<\/span>\n\t\t\t\t\t\t\t<h3 class=\"uk-h2 uk-margin-small-top uk-margin-xmedium-bottom uk-text-black\">The platform is divided into four pillars<\/h3>\n\n\t\t\t\t\t\t\t<div class=\"uk-grid uk-grid-medium\" uk-grid=\"\">\n\t\t\t\t\t\t\t\t<div class=\"uk-width-auto@s\">\n\t\t\t\t\t\t\t\t\t<div class=\"uk-card\">\n\t\t\t\t\t\t\t\t\t\t<div class=\"uk-text-center@s\" style=\"min-width: 42px\"><img data-src=\"\/wp-content\/uploads\/2022\/03\/034-software.svg\" width=\"43\" height=\"42\" alt=\"Designer\" uk-img=\"\"><\/div>\n\t\t\t\t\t\t\t\t\t<\/div>\n\t\t\t\t\t\t\t\t<\/div>\n\t\t\t\t\t\t\t\t<div class=\"uk-width-expand@s\">\n\t\t\t\t\t\t\t\t\t<p class=\"uk-margin-remove\"><strong>Designer:<\/strong> Platform module where the application is developed. Here, the data structures, forms, viewers, rules and all the necessary resources for the complete construction of the application are defined.<\/p>\n\t\t\t\t\t\t\t\t<\/div>\n\t\t\t\t\t\t\t<\/div>\n\n\t\t\t\t\t\t\t<div class=\"uk-grid uk-grid-medium uk-margin-xmedium-top\" uk-grid=\"\">\n\t\t\t\t\t\t\t\t<div class=\"uk-width-auto@s\">\n\t\t\t\t\t\t\t\t\t<div class=\"uk-card\">\n\t\t\t\t\t\t\t\t\t\t<div class=\"uk-text-center@s\" style=\"min-width: 42px\"><img data-src=\"\/wp-content\/uploads\/2022\/03\/Viewer.svg\" width=\"43\" height=\"42\" alt=\"Viewer\" uk-img=\"\"><\/div>\n\t\t\t\t\t\t\t\t\t<\/div>\n\t\t\t\t\t\t\t\t<\/div>\n\t\t\t\t\t\t\t\t<div class=\"uk-width-expand@s\">\n\t\t\t\t\t\t\t\t\t<p class=\"uk-margin-remove\"><strong>Viewer:<\/strong> Module where the application modeled in the Designer is executed.<\/p>\n\t\t\t\t\t\t\t\t<\/div>\n\t\t\t\t\t\t\t<\/div>\n\n\t\t\t\t\t\t\t<div class=\"uk-grid uk-grid-medium uk-margin-xmedium-top\" uk-grid=\"\">\n\t\t\t\t\t\t\t\t<div class=\"uk-width-auto@s\">\n\t\t\t\t\t\t\t\t\t<div class=\"uk-card\">\n\t\t\t\t\t\t\t\t\t\t<div class=\"uk-text-center@s\" style=\"min-width: 42px\"><img data-src=\"\/wp-content\/uploads\/2022\/03\/Nodefy.svg\" width=\"43\" height=\"42\" alt=\"Nodefy\" uk-img=\"\"><\/div>\n\t\t\t\t\t\t\t\t\t<\/div>\n\t\t\t\t\t\t\t\t<\/div>\n\t\t\t\t\t\t\t\t<div class=\"uk-width-expand@s\">\n\t\t\t\t\t\t\t\t\t<p class=\"uk-margin-remove\"><strong>Nodefy:<\/strong> Bus for complex integrations based on visual flows.<\/p>\n\t\t\t\t\t\t\t\t<\/div>\n\t\t\t\t\t\t\t<\/div>\n\n\t\t\t\t\t\t\t<div class=\"uk-grid uk-grid-medium uk-margin-xmedium-top\" uk-grid=\"\">\n\t\t\t\t\t\t\t\t<div class=\"uk-width-auto@s\">\n\t\t\t\t\t\t\t\t\t<div class=\"uk-card\">\n\t\t\t\t\t\t\t\t\t\t<div class=\"uk-text-center@s\" style=\"min-width: 42px\"><img data-src=\"\/wp-content\/uploads\/2022\/03\/SSO.svg\" width=\"27\" height=\"42\" alt=\"SSO (Single-Sign On)\" uk-img=\"\"><\/div>\n\t\t\t\t\t\t\t\t\t<\/div>\n\t\t\t\t\t\t\t\t<\/div>\n\t\t\t\t\t\t\t\t<div class=\"uk-width-expand@s\">\n\t\t\t\t\t\t\t\t\t<p class=\"uk-margin-remove\"><strong>SSO (Single-Sign On):<\/strong> Integrate Arkeyva with your user base or social networks.<\/p>\n\t\t\t\t\t\t\t\t<\/div>\n\t\t\t\t\t\t\t<\/div>\n\n\t\t\t\t\t\t\t<div class=\"uk-margin-xlarge-top\">\n\t\t\t\t\t\t\t\t<button title=\"Get started for free\" class=\"uk-button uk-button-default\" onclick=\"var params={url:'https:\/\/partner-public.arkeyva.com', headerbgcolor:'#1231a8', modalwidth:500}; new Arkeyva(params).abrirFormularioPublico('629a49ba2561b13a019d137c','62e7ec6301597601621b4536', 'xbNjFvkwQdgG3BcfF9W0AcWt','Start Free');\">Get started for free<\/button>\n\t\t\t\t\t\t\t\t<!--<a href=\"\" title=\"Explorar o produto\"><strong>Explorar o produto ?<\/strong><\/a>-->\n\t\t\t\t\t\t\t<\/div>\n\t\t\t\t\t\t<\/div>\n\t\t\t\t\t<\/div>\n\t\t\t\t\t<div class=\"uk-flex-first@l\">\n\t\t\t\t\t\t<div class=\"uk-card uk-text-center uk-text-left@l\">\n\t\t\t\t\t\t\t<img data-src=\"\/wp-content\/uploads\/2022\/05\/como-funciona-plataforma-dividida-em-quatros-pilares-2.png\" width=\"auto\" height=\"auto\" alt=\"The Platform is Fortress on three pillars\" uk-img=\"\"><\/div>\n\t\t\t\t\t<\/div>\n\t\t\t\t<\/div>\n\t\t\t<\/div>\n\t\t<\/div>\n\t<\/div>\n<\/div>\n\n\n\n<!-- Formul\u00e1rios -->\n<div class=\"uk-section\">\n    <div class=\"uk-container\">\n        <div class=\"uk-grid uk-grid-large\" uk-grid=\"\">\n            <div class=\"uk-width-1-3@xl uk-width-2-5@l uk-flex uk-flex-middle\">\n                <div class=\"uk-card\">\n                    <span class=\"uk-badge\">Designer<\/span>\n                    <h3 class=\"uk-h2 uk-margin-small-top uk-margin-xmedium-bottom uk-text-black\">Forms<\/h3>\n                    <ul class=\"uk-list uk-margin-remove-bottom\"><li>Create reusable fields.<\/li>\n                        <li>Custom formatting of fields, such as CEP, CNPJ, CPF, E-mail, Telephone among others.<\/li>\n                        <li>Request for access to the location on the device.<\/li>\n                        <li>Preparation of acceptance forms, such as GDPR.<\/li>\n                        <li>Profile-based access restriction.<\/li>\n                        <li>Integration via APIs for filling screen components, such as lists, combos and text boxes.<\/li>\n                        <li>Development of custom screen layouts .<\/li>\n                        <li>Event-based rule definition.<\/li>\n                        <li>Creating fully responsive forms.<\/li>\n                        <li>Reuse of components such as fields, masks, views and forms.<\/li>\n                    <\/ul><\/div>\n            <\/div>\n            <div class=\"uk-width-2-3@xl uk-width-3-5@l uk-flex uk-flex-middle\">\n                <div class=\"uk-card uk-width-1-1 uk-text-center uk-text-right@l\">\n                    <img data-src=\"\/wp-content\/uploads\/2022\/05\/como-funciona-formularios.png\" width=\"auto\" height=\"auto\" alt=\"creating forms\" uk-img=\"\"><\/div>\n            <\/div>\n        <\/div>\n    <\/div>\n<\/div>\n\n\n\n<!-- Cria\u00e7\u00e3o de vis\u00f5es -->\n<div class=\"uk-section\">\n\t<div class=\"uk-container\">\n\t\t<div class=\"uk-grid uk-child-width-1-2@l uk-grid-large\" uk-grid=\"\">\n\t\t\t<div class=\"uk-flex uk-flex-middle\">\n\t\t\t\t<div class=\"uk-card uk-width-2-3@l uk-align-center\">\n\t\t\t\t\t<span class=\"uk-badge\">Designer<\/span>\n\t\t\t\t\t<h3 class=\"uk-h2 uk-margin-small-top uk-margin-xmedium-bottom uk-text-black\">Vision Creation<\/h3>\n\t\t\t\t\t<p>Easily create views according to the desired filter criteria. With Arkeyva you set the types of views according to the access profile or permissions based on screen information.<\/p>\n\t\t\t\t\t<p>Build managerial and restricted views using the same dataset, however, allowing managers to view all information, without any filter application, and for the work team to display with data filters.<\/p>\n\t\t\t\t\t<button title=\"Get started for free\" class=\"uk-button uk-button-default\" onclick=\"var params={url:'https:\/\/partner-public.arkeyva.com', headerbgcolor:'#1231a8', modalwidth:500}; new Arkeyva(params).abrirFormularioPublico('629a49ba2561b13a019d137c','62e7ec6301597601621b4536', 'xbNjFvkwQdgG3BcfF9W0AcWt','Start Free');\">Get started for free<\/button>\n\t\t\t\t<\/div>\n\t\t\t<\/div>\n\t\t\t<div class=\"uk-flex-first@l\">\n\t\t\t\t<div class=\"uk-card uk-text-center uk-text-left@l\">\n\t\t\t\t\t<img data-src=\"\/wp-content\/uploads\/2022\/05\/como-funciona-criacao-de-visoes.png\" width=\"auto\" height=\"auto\" alt=\"Vision Creation\" uk-img=\"\"><\/div>\n\t\t\t<\/div>\n\t\t<\/div>\n\t<\/div>\n<\/div>\n\n\n\n<!-- Integra\u00e7\u00f5es -->\n<div class=\"uk-section\">\n    <div class=\"uk-container\">\n        <div class=\"uk-grid uk-grid-large\" uk-grid=\"\">\n            <div class=\"uk-flex uk-flex-middle uk-width-1-3@l \">\n                <div class=\"uk-card uk-width-2-3@l uk-align-center\">\n                    <span class=\"uk-badge\">Nodefy<\/span>\n                    <h3 class=\"uk-h2 uk-margin-small-top uk-margin-xmedium-bottom uk-text-black\">Integrations<\/h3>\n                    <p>In addition to simple integrations via API to load and maintain form information, Arkeyva has a powerful integration bus, based on data flows using the browser.<\/p>\n                <\/div>\n            <\/div>\n            <div class=\"uk-width-2-3@l\">\n                <div class=\"uk-card uk-text-center uk-text-left@l\">\n                    <img data-src=\"\/wp-content\/uploads\/2022\/05\/integracoes-motor-2.svg\" width=\"100%\" height=\"auto\" alt=\"Integrations\" uk-img=\"\"><\/div>\n            <\/div>\n        <\/div>\n    <\/div>\n<\/div>\n\n\n\n<!-- SSO (Single-Sign On) -->\n<div class=\"uk-section\">\n    <div class=\"uk-container\">\n        <div class=\"uk-grid uk-child-width-1-2@l uk-grid-large\" uk-grid=\"\">\n            <div class=\"uk-flex uk-flex-middle\">\n                <div class=\"uk-card uk-width-2-3@l uk-align-center\">\n                    <span class=\"uk-badge\">single login<\/span>\n                    <h3 class=\"uk-h2 uk-margin-small-top uk-margin-xmedium-bottom uk-text-black\">SSO (Single-Sign On)<\/h3>\n                    <p>Arkeyva allows integration with LDAP, Active Directory or Database servers to obtain your corporation&#8217;s login information.<\/p>\n                    <p>Authentication can also be done from Gmail accounts and Social Networks such as Facebook and Twitter.<\/p>\n                    <p>Need an extra layer of security? It is possible to use two-factor authentication and define policies for creating passwords.<\/p>\n                <\/div>\n            <\/div>\n            <div class=\"uk-flex-first@l\">\n                <div class=\"uk-card uk-text-center uk-text-left@l\">\n                    <img data-src=\"\/wp-content\/uploads\/2022\/05\/como-funciona-sso.png\" width=\"auto\" height=\"auto\" alt=\"SSO (Single-Sign On)\" uk-img=\"\"><\/div>\n            <\/div>\n        <\/div>\n    <\/div>\n<\/div>\n\n\n\n<!-- Seguran\u00e7a -->\n<div class=\"uk-section\">\n\t<div class=\"uk-container\">\n\t\t<div class=\"uk-grid uk-child-width-1-2@l uk-grid-large\" uk-grid=\"\">\n\t\t\t<div class=\"uk-flex uk-flex-middle\">\n\t\t\t\t<div class=\"uk-card uk-width-2-3@l uk-align-center\">\n\t\t\t\t\t<span class=\"uk-badge\">Reliable<\/span>\n\t\t\t\t\t<h3 class=\"uk-h2 uk-margin-small-top uk-margin-xmedium-bottom uk-text-black\">Safety<\/h3>\n\t\t\t\t\t<p>Security is an essential requirement for the success of the solution. Arkeyva has invested heavily in this area and provides encryption for all persisted information. But not only that! Arkeyva can also store the user&#8217;s location during information logging and create audit trails for all records maintained. Easily find out who created or manipulated certain information and from where.<\/p>\n\t\t\t\t\t<p>Do you have a standard log structure? No problem! Arkeyva allows your log to have a custom structure and the desired information.<\/p>\n\t\t\t\t\t<button title=\"Get started for free\" class=\"uk-button uk-button-default\" onclick=\"var params={url:'https:\/\/partner-public.arkeyva.com', headerbgcolor:'#1231a8', modalwidth:500}; new Arkeyva(params).abrirFormularioPublico('629a49ba2561b13a019d137c','62e7ec6301597601621b4536', 'xbNjFvkwQdgG3BcfF9W0AcWt','Start Free');\">Get started for free<\/button>\n\t\t\t\t<\/div>\n\t\t\t<\/div>\n\t\t\t<div>\n\t\t\t\t<div class=\"uk-card uk-text-center uk-text-left@l\">\n\t\t\t\t\t<img data-src=\"\/wp-content\/uploads\/2022\/05\/como-funciona-seguranca.png\" width=\"auto\" height=\"auto\" alt=\"Safety\" uk-img=\"\"><\/div>\n\t\t\t<\/div>\n\t\t<\/div>\n\t<\/div>\n<\/div>\n\n\n\n<!-- Perguntas frequentes -->\n<div class=\"uk-section\">\n\t<div class=\"via-banner-home via-box-banner-default\">\n\t\t<div class=\"via-banner-home-imagem\" data-src=\"\/wp-content\/uploads\/2022\/02\/porque-contratar.png\" uk-img=\"\">\n\t\t\t<div class=\"uk-container\">\n\t\t\t\t<div class=\"uk-width-2-3@l uk-align-center\">\n\t\t\t\t\t<h2 class=\"uk-text-black uk-margin-xmedium-bottom uk-text-black\">Common questions<\/h2>\n\t\t\t\t\t\n<ul class=\"uk-accordion uk-text-left \" uk-accordion=\"\">\n\n        <li >\n\n    \n        <a href class=\"uk-accordion-title\">Does the Arkeyva Platform generate source code for the applications created?<\/a>\n\n        <div class=\"uk-accordion-content\">\n\n            \n            \n            \n                        <div class=\"uk-margin\">No! Arkeyva is a completely no-code solution. No lines of code are generated. All applications created are modeled in the Designer.<\/div>\n            \n            \n            \n            \n        <\/div>\n\n    <\/li>\n        <li >\n\n    \n        <a href class=\"uk-accordion-title\">Do I need to know some programming language?<\/a>\n\n        <div class=\"uk-accordion-content\">\n\n            \n            \n            \n                        <div class=\"uk-margin\">No! Arkeyva creates applications automatically and without a single line of code.<\/div>\n            \n            \n            \n            \n        <\/div>\n\n    <\/li>\n        <li >\n\n    \n        <a href class=\"uk-accordion-title\">Is it possible to access the generated application through mobile devices?<\/a>\n\n        <div class=\"uk-accordion-content\">\n\n            \n            \n            \n                        <div class=\"uk-margin\">Yea! The platform is prepared to communicate with the most used authentication means.<\/div>\n            \n            \n            \n            \n        <\/div>\n\n    <\/li>\n        <li >\n\n    \n        <a href class=\"uk-accordion-title\">Is it possible to access the platform with the login integrated with Google, Microsoft or Social Networks?<\/a>\n\n        <div class=\"uk-accordion-content\">\n\n            \n            \n            \n                        <div class=\"uk-margin\">Yea! The platform is prepared to communicate with the most used authentication means.<\/div>\n            \n            \n            \n            \n        <\/div>\n\n    <\/li>\n        <li >\n\n    \n        <a href class=\"uk-accordion-title\">Can I use the solution installed in my \u201cOn Premises\u201d internal environment?<\/a>\n\n        <div class=\"uk-accordion-content\">\n\n            \n            \n            \n                        <div class=\"uk-margin\">Yea! We have plans like Saas with hosting included or \u201cOn Premises\u201d.<\/div>\n            \n            \n            \n            \n        <\/div>\n\n    <\/li>\n        <li >\n\n    \n        <a href class=\"uk-accordion-title\">Is it possible to integrate with the internal systems I have?<\/a>\n\n        <div class=\"uk-accordion-content\">\n\n            \n            \n            \n                        <div class=\"uk-margin\">Yea! The platform is already prepared to perform integrations via API and with the advanced Nodefy integration module, you can perform an integration thread, allowing a multitude of combinations\u201d.<\/div>\n            \n            \n            \n            \n        <\/div>\n\n    <\/li>\n        <li >\n\n    \n        <a href class=\"uk-accordion-title\">Can I consult the information stored on the platform on my current system?<\/a>\n\n        <div class=\"uk-accordion-content\">\n\n            \n            \n            \n                        <div class=\"uk-margin\">Yea! The platform is already prepared to make all information available via API, it is enough for your system to connect to Arkeyva's APIs.<\/div>\n            \n            \n            \n            \n        <\/div>\n\n    <\/li>\n        <li >\n\n    \n        <a href class=\"uk-accordion-title\">I don't have time to create my system, can you do this creation?<\/a>\n\n        <div class=\"uk-accordion-content\">\n\n            \n            \n            \n                        <div class=\"uk-margin\">Yea! We have a consulting team that can support you in the complete delivery cycle of your software.<\/div>\n            \n            \n            \n            \n        <\/div>\n\n    <\/li>\n        <li >\n\n    \n        <a href class=\"uk-accordion-title\">Is the platform to serve only one segment or can I create any system?<\/a>\n\n        <div class=\"uk-accordion-content\">\n\n            \n            \n            \n                        <div class=\"uk-margin\">On the Arkeyva platform, you are free to develop any system, regardless of your company's follow-up.<\/div>\n            \n            \n            \n            \n        <\/div>\n\n    <\/li>\n    \n<\/ul>\n\n\t\t\t\t<\/div>\n\t\t\t<\/div>\n\t\t<\/div>\n\t<\/div>\n<\/div>\n","protected":false},"excerpt":{"rendered":"<p>HOW IT WORKS Drag, Dropand Publish! As simple as dragging and dropping, with Arkeyva you can develop the most varied types of solutions quickly and easily. In just ten minutes it is possible to build, from scratch, a complete registration functionality. Start free Macro Vision The platform is divided into four pillars Designer: Platform module [&hellip;]<\/p>\n","protected":false},"author":2,"featured_media":0,"parent":0,"menu_order":0,"comment_status":"closed","ping_status":"closed","template":"","meta":{"_acf_changed":false,"footnotes":""},"acf":[],"yoast_head":"<!-- This site is optimized with the Yoast SEO plugin v22.7 - https:\/\/yoast.com\/wordpress\/plugins\/seo\/ -->\n<title>How it works - Arkeyva<\/title>\n<meta name=\"description\" content=\"How it works Arkeyva -\" \/>\n<meta name=\"robots\" content=\"index, follow, max-snippet:-1, max-image-preview:large, max-video-preview:-1\" \/>\n<link rel=\"canonical\" href=\"https:\/\/arkeyva.com\/en\/how-it-works\/\" \/>\n<meta property=\"og:locale\" content=\"en_US\" \/>\n<meta property=\"og:type\" content=\"article\" \/>\n<meta property=\"og:title\" content=\"How it works - Arkeyva\" \/>\n<meta property=\"og:description\" content=\"How it works Arkeyva -\" \/>\n<meta property=\"og:url\" content=\"https:\/\/arkeyva.com\/en\/how-it-works\/\" \/>\n<meta property=\"og:site_name\" content=\"Arkeyva\" \/>\n<meta property=\"article:modified_time\" content=\"2022-12-16T18:56:30+00:00\" \/>\n<meta name=\"twitter:card\" content=\"summary_large_image\" \/>\n<meta name=\"twitter:label1\" content=\"Est. reading time\" \/>\n\t<meta name=\"twitter:data1\" content=\"2 minutes\" \/>\n<script type=\"application\/ld+json\" class=\"yoast-schema-graph\">{\"@context\":\"https:\/\/schema.org\",\"@graph\":[{\"@type\":\"WebPage\",\"@id\":\"https:\/\/arkeyva.com\/en\/how-it-works\/\",\"url\":\"https:\/\/arkeyva.com\/en\/how-it-works\/\",\"name\":\"How it works - Arkeyva\",\"isPartOf\":{\"@id\":\"https:\/\/arkeyva.com\/#website\"},\"datePublished\":\"2022-02-10T20:32:35+00:00\",\"dateModified\":\"2022-12-16T18:56:30+00:00\",\"description\":\"How it works Arkeyva -\",\"breadcrumb\":{\"@id\":\"https:\/\/arkeyva.com\/en\/how-it-works\/#breadcrumb\"},\"inLanguage\":\"en-US\",\"potentialAction\":[{\"@type\":\"ReadAction\",\"target\":[\"https:\/\/arkeyva.com\/en\/how-it-works\/\"]}]},{\"@type\":\"BreadcrumbList\",\"@id\":\"https:\/\/arkeyva.com\/en\/how-it-works\/#breadcrumb\",\"itemListElement\":[{\"@type\":\"ListItem\",\"position\":1,\"name\":\"In\u00edcio\",\"item\":\"https:\/\/arkeyva.com\/en\/\"},{\"@type\":\"ListItem\",\"position\":2,\"name\":\"How it works\"}]},{\"@type\":\"WebSite\",\"@id\":\"https:\/\/arkeyva.com\/#website\",\"url\":\"https:\/\/arkeyva.com\/\",\"name\":\"Arkeyva\",\"description\":\"\",\"publisher\":{\"@id\":\"https:\/\/arkeyva.com\/#organization\"},\"potentialAction\":[{\"@type\":\"SearchAction\",\"target\":{\"@type\":\"EntryPoint\",\"urlTemplate\":\"https:\/\/arkeyva.com\/?s={search_term_string}\"},\"query-input\":\"required name=search_term_string\"}],\"inLanguage\":\"en-US\"},{\"@type\":\"Organization\",\"@id\":\"https:\/\/arkeyva.com\/#organization\",\"name\":\"Arkeyva\",\"url\":\"https:\/\/arkeyva.com\/\",\"logo\":{\"@type\":\"ImageObject\",\"inLanguage\":\"en-US\",\"@id\":\"https:\/\/arkeyva.com\/#\/schema\/logo\/image\/\",\"url\":\"https:\/\/arkeyva.com\/wp-content\/uploads\/2025\/02\/ARKEYVA_13.png\",\"contentUrl\":\"https:\/\/arkeyva.com\/wp-content\/uploads\/2025\/02\/ARKEYVA_13.png\",\"width\":3334,\"height\":3335,\"caption\":\"Arkeyva\"},\"image\":{\"@id\":\"https:\/\/arkeyva.com\/#\/schema\/logo\/image\/\"}}]}<\/script>\n<!-- \/ Yoast SEO plugin. -->","yoast_head_json":{"title":"How it works - Arkeyva","description":"How it works Arkeyva -","robots":{"index":"index","follow":"follow","max-snippet":"max-snippet:-1","max-image-preview":"max-image-preview:large","max-video-preview":"max-video-preview:-1"},"canonical":"https:\/\/arkeyva.com\/en\/how-it-works\/","og_locale":"en_US","og_type":"article","og_title":"How it works - Arkeyva","og_description":"How it works Arkeyva -","og_url":"https:\/\/arkeyva.com\/en\/how-it-works\/","og_site_name":"Arkeyva","article_modified_time":"2022-12-16T18:56:30+00:00","twitter_card":"summary_large_image","twitter_misc":{"Est. reading time":"2 minutes"},"schema":{"@context":"https:\/\/schema.org","@graph":[{"@type":"WebPage","@id":"https:\/\/arkeyva.com\/en\/how-it-works\/","url":"https:\/\/arkeyva.com\/en\/how-it-works\/","name":"How it works - Arkeyva","isPartOf":{"@id":"https:\/\/arkeyva.com\/#website"},"datePublished":"2022-02-10T20:32:35+00:00","dateModified":"2022-12-16T18:56:30+00:00","description":"How it works Arkeyva -","breadcrumb":{"@id":"https:\/\/arkeyva.com\/en\/how-it-works\/#breadcrumb"},"inLanguage":"en-US","potentialAction":[{"@type":"ReadAction","target":["https:\/\/arkeyva.com\/en\/how-it-works\/"]}]},{"@type":"BreadcrumbList","@id":"https:\/\/arkeyva.com\/en\/how-it-works\/#breadcrumb","itemListElement":[{"@type":"ListItem","position":1,"name":"In\u00edcio","item":"https:\/\/arkeyva.com\/en\/"},{"@type":"ListItem","position":2,"name":"How it works"}]},{"@type":"WebSite","@id":"https:\/\/arkeyva.com\/#website","url":"https:\/\/arkeyva.com\/","name":"Arkeyva","description":"","publisher":{"@id":"https:\/\/arkeyva.com\/#organization"},"potentialAction":[{"@type":"SearchAction","target":{"@type":"EntryPoint","urlTemplate":"https:\/\/arkeyva.com\/?s={search_term_string}"},"query-input":"required name=search_term_string"}],"inLanguage":"en-US"},{"@type":"Organization","@id":"https:\/\/arkeyva.com\/#organization","name":"Arkeyva","url":"https:\/\/arkeyva.com\/","logo":{"@type":"ImageObject","inLanguage":"en-US","@id":"https:\/\/arkeyva.com\/#\/schema\/logo\/image\/","url":"https:\/\/arkeyva.com\/wp-content\/uploads\/2025\/02\/ARKEYVA_13.png","contentUrl":"https:\/\/arkeyva.com\/wp-content\/uploads\/2025\/02\/ARKEYVA_13.png","width":3334,"height":3335,"caption":"Arkeyva"},"image":{"@id":"https:\/\/arkeyva.com\/#\/schema\/logo\/image\/"}}]}},"_links":{"self":[{"href":"https:\/\/arkeyva.com\/en\/wp-json\/wp\/v2\/pages\/986"}],"collection":[{"href":"https:\/\/arkeyva.com\/en\/wp-json\/wp\/v2\/pages"}],"about":[{"href":"https:\/\/arkeyva.com\/en\/wp-json\/wp\/v2\/types\/page"}],"author":[{"embeddable":true,"href":"https:\/\/arkeyva.com\/en\/wp-json\/wp\/v2\/users\/2"}],"replies":[{"embeddable":true,"href":"https:\/\/arkeyva.com\/en\/wp-json\/wp\/v2\/comments?post=986"}],"version-history":[{"count":11,"href":"https:\/\/arkeyva.com\/en\/wp-json\/wp\/v2\/pages\/986\/revisions"}],"predecessor-version":[{"id":1373,"href":"https:\/\/arkeyva.com\/en\/wp-json\/wp\/v2\/pages\/986\/revisions\/1373"}],"wp:attachment":[{"href":"https:\/\/arkeyva.com\/en\/wp-json\/wp\/v2\/media?parent=986"}],"curies":[{"name":"wp","href":"https:\/\/api.w.org\/{rel}","templated":true}]}}